{"id":16,"date":"2023-12-10T16:44:20","date_gmt":"2023-12-10T16:44:20","guid":{"rendered":"https:\/\/www.plveventstravel.com\/my-account\/"},"modified":"2024-03-26T13:53:48","modified_gmt":"2024-03-26T13:53:48","slug":"minha-conta","status":"publish","type":"page","link":"https:\/\/www.plveventstravel.com\/pt-br\/minha-conta\/","title":{"rendered":"Minha Conta"},"content":{"rendered":"\t\t<div data-elementor-type=\"wp-page\" data-elementor-id=\"16\" class=\"elementor elementor-16\" data-elementor-post-type=\"page\">\n\t\t\t\t\t\t\t\t\t<section class=\"elementor-section elementor-top-section elementor-element elementor-element-34ac32e3 elementor-section-boxed elementor-section-height-default elementor-section-height-default wpr-particle-no wpr-jarallax-no wpr-parallax-no wpr-sticky-section-no\" data-id=\"34ac32e3\" data-element_type=\"section\">\n\t\t\t\t\t\t<div class=\"elementor-container elementor-column-gap-default\">\n\t\t\t\t\t<div class=\"elementor-column elementor-col-100 elementor-top-column elementor-element elementor-element-63f628d7\" data-id=\"63f628d7\" data-element_type=\"column\">\n\t\t\t<div class=\"elementor-widget-wrap elementor-element-populated\">\n\t\t\t\t\t\t\t\t<div class=\"elementor-element elementor-element-de8e129 elementor-widget elementor-widget-spacer\" data-id=\"de8e129\" data-element_type=\"widget\" data-widget_type=\"spacer.default\">\n\t\t\t\t<div class=\"elementor-widget-container\">\n\t\t\t\t\t<div class=\"elementor-spacer\">\n\t\t\t<div class=\"elementor-spacer-inner\"><\/div>\n\t\t<\/div>\n\t\t\t\t<\/div>\n\t\t\t\t<\/div>\n\t\t\t\t<div class=\"elementor-element elementor-element-4afbf7f7 elementor-widget elementor-widget-text-editor\" data-id=\"4afbf7f7\" data-element_type=\"widget\" data-widget_type=\"text-editor.default\">\n\t\t\t\t<div class=\"elementor-widget-container\">\n\t\t\t\t\t\t\t\r\n<p><div class=\"woocommerce\"><div class=\"woocommerce-notices-wrapper\"><\/div>\n\n<div class=\"u-columns col2-set\" id=\"customer_login\">\n\n\t<div class=\"u-column1 col-1\">\n\n\t\t\n\t\t<h2>Entrar<\/h2>\n\n\t\t<form class=\"woocommerce-form woocommerce-form-login login\" method=\"post\">\n\n\t\t\t\n\t\t\t<p class=\"woocommerce-form-row woocommerce-form-row--wide form-row form-row-wide\">\n\t\t\t\t<label for=\"username\">Nome de usu\u00e1rio ou e-mail&nbsp;<span class=\"required\">*<\/span><\/label>\n\t\t\t\t<input type=\"text\" class=\"woocommerce-Input woocommerce-Input--text input-text\" name=\"username\" id=\"username\" autocomplete=\"username\" value=\"\" \/>\t\t\t<\/p>\n\t\t\t<p class=\"woocommerce-form-row woocommerce-form-row--wide form-row form-row-wide\">\n\t\t\t\t<label for=\"password\">Senha&nbsp;<span class=\"required\">*<\/span><\/label>\n\t\t\t\t<input class=\"woocommerce-Input woocommerce-Input--text input-text\" type=\"password\" name=\"password\" id=\"password\" autocomplete=\"current-password\" \/>\n\t\t\t<\/p>\n\n\t\t\t\n\t\t\t<p class=\"form-row\">\n\t\t\t\t\t\t\t\t<button type=\"submit\" class=\"woocommerce-Button button woocommerce-form-login__submit\" name=\"login\" value=\"Acessar\">Acessar<\/button>\n\t\t\t\t<label class=\"woocommerce-form__label woocommerce-form__label-for-checkbox woocommerce-form-login__rememberme\">\n\t\t\t\t\t<input class=\"woocommerce-form__input woocommerce-form__input-checkbox\" name=\"rememberme\" type=\"checkbox\" id=\"rememberme\" value=\"forever\" \/> <span>Lembre-me<\/span>\n\t\t\t\t<\/label>\n\t\t\t\t<input type=\"hidden\" id=\"woocommerce-login-nonce\" name=\"woocommerce-login-nonce\" value=\"0bd053783b\" \/><input type=\"hidden\" name=\"_wp_http_referer\" value=\"\/pt-br\/wp-json\/wp\/v2\/pages\/16\" \/>\t\t\t<\/p>\n\t\t\t<p class=\"woocommerce-LostPassword lost_password\">\n\t\t\t\t<a href=\"https:\/\/www.plveventstravel.com\/pt-br\/minha-conta\/lost-password\/\">Perdeu sua senha?<\/a>\n\t\t\t<\/p>\n\n\t\t\t\n\t\t<\/form>\n\n\t\t\n\t<\/div>\n\n\t<div class=\"u-column2 col-2\">\n\n\t\t<h2>Cadastre-se<\/h2>\n\n\t\t<form method=\"post\" class=\"woocommerce-form woocommerce-form-register register\"  >\n\n\t\t\t\n\t\t\t\n\t\t\t<p class=\"woocommerce-form-row woocommerce-form-row--wide form-row form-row-wide\">\n\t\t\t\t<label for=\"reg_email\">Endere\u00e7o de e-mail&nbsp;<span class=\"required\">*<\/span><\/label>\n\t\t\t\t<input type=\"email\" class=\"woocommerce-Input woocommerce-Input--text input-text\" name=\"email\" id=\"reg_email\" autocomplete=\"email\" value=\"\" \/>\t\t\t<\/p>\n\n\t\t\t\n\t\t\t\t<p>Uma senha ser\u00e1 enviada para seu endere\u00e7o de e-mail.<\/p>\n\n\t\t\t\n\t\t\t<input type=\"hidden\" name=\"wc_order_attribution_source_type\" value=\"\" \/><input type=\"hidden\" name=\"wc_order_attribution_referrer\" value=\"\" \/><input type=\"hidden\" name=\"wc_order_attribution_utm_campaign\" value=\"\" \/><input type=\"hidden\" name=\"wc_order_attribution_utm_source\" value=\"\" \/><input type=\"hidden\" name=\"wc_order_attribution_utm_medium\" value=\"\" \/><input type=\"hidden\" name=\"wc_order_attribution_utm_content\" value=\"\" \/><input type=\"hidden\" name=\"wc_order_attribution_utm_id\" value=\"\" \/><input type=\"hidden\" name=\"wc_order_attribution_utm_term\" value=\"\" \/><input type=\"hidden\" name=\"wc_order_attribution_session_entry\" value=\"\" \/><input type=\"hidden\" name=\"wc_order_attribution_session_start_time\" value=\"\" \/><input type=\"hidden\" name=\"wc_order_attribution_session_pages\" value=\"\" \/><input type=\"hidden\" name=\"wc_order_attribution_session_count\" value=\"\" \/><input type=\"hidden\" name=\"wc_order_attribution_user_agent\" value=\"\" \/><div class=\"woocommerce-privacy-policy-text\"><p>Seus dados pessoais ser\u00e3o usados para processar seu pedido, apoiar sua experi\u00eancia neste site e para outros fins descritos na <a href=\"https:\/\/www.plveventstravel.com\/privacy-policy\/\" class=\"woocommerce-privacy-policy-link\" target=\"_blank\">pol\u00edtica de privacidade<\/a>.<\/p>\n<\/div>\n\t\t\t<p class=\"woocommerce-form-row form-row\">\n\t\t\t\t<input type=\"hidden\" id=\"woocommerce-register-nonce\" name=\"woocommerce-register-nonce\" value=\"fae0c64fcc\" \/><input type=\"hidden\" name=\"_wp_http_referer\" value=\"\/pt-br\/wp-json\/wp\/v2\/pages\/16\" \/>\t\t\t\t<button type=\"submit\" class=\"woocommerce-Button woocommerce-button button woocommerce-form-register__submit\" name=\"register\" value=\"Cadastre-se\">Cadastre-se<\/button>\n\t\t\t<\/p>\n\n\t\t\t\n\t\t<\/form>\n\n\t<\/div>\n\n<\/div>\n\n<\/div><\/p>\r\n\t\t\t\t\t\t<\/div>\n\t\t\t\t<\/div>\n\t\t\t\t<div class=\"elementor-element elementor-element-6d7fb6d elementor-widget elementor-widget-spacer\" data-id=\"6d7fb6d\" data-element_type=\"widget\" data-widget_type=\"spacer.default\">\n\t\t\t\t<div class=\"elementor-widget-container\">\n\t\t\t\t\t<div class=\"elementor-spacer\">\n\t\t\t<div class=\"elementor-spacer-inner\"><\/div>\n\t\t<\/div>\n\t\t\t\t<\/div>\n\t\t\t\t<\/div>\n\t\t\t\t\t<\/div>\n\t\t<\/div>\n\t\t\t\t\t\t\t<\/div>\n\t\t<\/section>\n\t\t\t\t\t\t\t<\/div>\n\t\t","protected":false},"excerpt":{"rendered":"<p>Entrar Nome de usu\u00e1rio ou e-mail&nbsp;* Senha&nbsp;* Acessar Lembre-me Perdeu sua senha? Cadastre-se Endere\u00e7o de e-mail&nbsp;* Uma senha ser\u00e1 enviada para seu endere\u00e7o de e-mail. Seus dados pessoais ser\u00e3o usados para processar seu pedido, apoiar sua experi\u00eancia neste site e para outros fins descritos na pol\u00edtica de privacidade. Cadastre-se<\/p>\n","protected":false},"author":1,"featured_media":0,"parent":0,"menu_order":0,"comment_status":"closed","ping_status":"closed","template":"","meta":{"footnotes":""},"_links":{"self":[{"href":"https:\/\/www.plveventstravel.com\/pt-br\/wp-json\/wp\/v2\/pages\/16"}],"collection":[{"href":"https:\/\/www.plveventstravel.com\/pt-br\/wp-json\/wp\/v2\/pages"}],"about":[{"href":"https:\/\/www.plveventstravel.com\/pt-br\/wp-json\/wp\/v2\/types\/page"}],"author":[{"embeddable":true,"href":"https:\/\/www.plveventstravel.com\/pt-br\/wp-json\/wp\/v2\/users\/1"}],"replies":[{"embeddable":true,"href":"https:\/\/www.plveventstravel.com\/pt-br\/wp-json\/wp\/v2\/comments?post=16"}],"version-history":[{"count":14,"href":"https:\/\/www.plveventstravel.com\/pt-br\/wp-json\/wp\/v2\/pages\/16\/revisions"}],"predecessor-version":[{"id":81516,"href":"https:\/\/www.plveventstravel.com\/pt-br\/wp-json\/wp\/v2\/pages\/16\/revisions\/81516"}],"wp:attachment":[{"href":"https:\/\/www.plveventstravel.com\/pt-br\/wp-json\/wp\/v2\/media?parent=16"}],"curies":[{"name":"wp","href":"https:\/\/api.w.org\/{rel}","templated":true}]}}