{"id":80847,"date":"2020-11-06T14:10:36","date_gmt":"2020-11-06T14:10:36","guid":{"rendered":"https:\/\/www.plveventstravel.com\/a-propos-de-nous\/"},"modified":"2024-02-16T16:20:51","modified_gmt":"2024-02-16T16:20:51","slug":"a-propos-de-nous","status":"publish","type":"page","link":"https:\/\/www.plveventstravel.com\/fr\/a-propos-de-nous\/","title":{"rendered":"\u00c0 propos de nous"},"content":{"rendered":"\t\t<div data-elementor-type=\"wp-page\" data-elementor-id=\"80847\" class=\"elementor elementor-80847 elementor-7615\" data-elementor-post-type=\"page\">\n\t\t\t\t\t\t\t\t\t<section class=\"elementor-section elementor-top-section elementor-element elementor-element-1c9f2b9 elementor-section-boxed elementor-section-height-default elementor-section-height-default wpr-particle-no wpr-jarallax-no wpr-parallax-no wpr-sticky-section-no\" data-id=\"1c9f2b9\" data-element_type=\"section\" data-settings=\"{&quot;background_background&quot;:&quot;classic&quot;}\">\n\t\t\t\t\t\t<div class=\"elementor-container elementor-column-gap-wide\">\n\t\t\t\t\t<div class=\"elementor-column elementor-col-50 elementor-top-column elementor-element elementor-element-2b994bc\" data-id=\"2b994bc\" data-element_type=\"column\">\n\t\t\t<div class=\"elementor-widget-wrap elementor-element-populated\">\n\t\t\t\t\t\t\t\t<div class=\"elementor-element elementor-element-cd8e6f7 elementor-widget elementor-widget-heading\" data-id=\"cd8e6f7\" data-element_type=\"widget\" data-widget_type=\"heading.default\">\n\t\t\t\t<div class=\"elementor-widget-container\">\n\t\t\t<h2 class=\"elementor-heading-title elementor-size-default\">QUI SOMMES-NOUS ?<\/h2>\t\t<\/div>\n\t\t\t\t<\/div>\n\t\t\t\t<div class=\"elementor-element elementor-element-633d390 elementor-widget elementor-widget-spacer\" data-id=\"633d390\" data-element_type=\"widget\" data-widget_type=\"spacer.default\">\n\t\t\t\t<div class=\"elementor-widget-container\">\n\t\t\t\t\t<div class=\"elementor-spacer\">\n\t\t\t<div class=\"elementor-spacer-inner\"><\/div>\n\t\t<\/div>\n\t\t\t\t<\/div>\n\t\t\t\t<\/div>\n\t\t\t\t<div class=\"elementor-element elementor-element-64c6835 elementor-widget elementor-widget-text-editor\" data-id=\"64c6835\" data-element_type=\"widget\" data-widget_type=\"text-editor.default\">\n\t\t\t\t<div class=\"elementor-widget-container\">\n\t\t\t\t\t\t\t<p>Pinto Lopes Viagens est un tour op\u00e9rateur, une agence de voyage et un DMC ib\u00e9rique (DMC : Destination Management Company) avec 50 ans d&#8217;exp\u00e9rience, sp\u00e9cialis\u00e9 dans les voyages de groupe, avec une connaissance approfondie et une vaste exp\u00e9rience du Portugal et de l&#8217;Espagne en tant que destination.<\/p>\n<p>Pinto Lopes Viagens est bas\u00e9 \u00e0 Porto, sur la Rua Pinto Bessa, et depuis 2012 \u00e0 Lisbonne, sur la Rua Viriato. Chaque ann\u00e9e, environ 24 000 personnes voyagent par l&#8217;interm\u00e9diaire de cette agence, sur plus de 800 circuits organis\u00e9s par les pays les plus divers.  <\/p>\n<p>Elle compte actuellement une \u00e9quipe d&#8217;environ 60 employ\u00e9s et un groupe de guides exp\u00e9riment\u00e9s et comp\u00e9tents qui partagent l&#8217;esprit de Pinto Lopes.<\/p>\n\t\t\t\t\t\t<\/div>\n\t\t\t\t<\/div>\n\t\t\t\t\t<\/div>\n\t\t<\/div>\n\t\t\t\t<div class=\"elementor-column elementor-col-50 elementor-top-column elementor-element elementor-element-174e0fd\" data-id=\"174e0fd\" data-element_type=\"column\">\n\t\t\t<div class=\"elementor-widget-wrap elementor-element-populated\">\n\t\t\t\t\t\t\t\t<div class=\"elementor-element elementor-element-ba6cfea elementor-widget elementor-widget-image\" data-id=\"ba6cfea\" data-element_type=\"widget\" data-widget_type=\"image.default\">\n\t\t\t\t<div class=\"elementor-widget-container\">\n\t\t\t\t\t\t\t\t\t\t\t\t\t\t\t<img decoding=\"async\" loading=\"lazy\" width=\"746\" height=\"451\" src=\"https:\/\/www.plveventstravel.com\/wp-content\/uploads\/2023\/12\/about_1A.jpg\" class=\"attachment-large size-large wp-image-77697\" alt=\"\" srcset=\"https:\/\/www.plveventstravel.com\/wp-content\/uploads\/2023\/12\/about_1A.jpg 746w, https:\/\/www.plveventstravel.com\/wp-content\/uploads\/2023\/12\/about_1A-300x181.jpg 300w\" sizes=\"(max-width: 746px) 100vw, 746px\" \/>\t\t\t\t\t\t\t\t\t\t\t\t\t\t\t<\/div>\n\t\t\t\t<\/div>\n\t\t\t\t\t<\/div>\n\t\t<\/div>\n\t\t\t\t\t\t\t<\/div>\n\t\t<\/section>\n\t\t\t\t<section class=\"elementor-section elementor-top-section elementor-element elementor-element-c74f37b elementor-section-boxed elementor-section-height-default elementor-section-height-default wpr-particle-no wpr-jarallax-no wpr-parallax-no wpr-sticky-section-no\" data-id=\"c74f37b\" data-element_type=\"section\" data-settings=\"{&quot;background_background&quot;:&quot;classic&quot;}\">\n\t\t\t\t\t\t<div class=\"elementor-container elementor-column-gap-default\">\n\t\t\t\t\t<div class=\"elementor-column elementor-col-100 elementor-top-column elementor-element elementor-element-782ca94\" data-id=\"782ca94\" data-element_type=\"column\">\n\t\t\t<div class=\"elementor-widget-wrap elementor-element-populated\">\n\t\t\t\t\t\t\t\t<div class=\"elementor-element elementor-element-3a1db5c elementor-widget elementor-widget-image\" data-id=\"3a1db5c\" data-element_type=\"widget\" data-widget_type=\"image.default\">\n\t\t\t\t<div class=\"elementor-widget-container\">\n\t\t\t\t\t\t\t\t\t\t\t\t\t\t\t<img decoding=\"async\" loading=\"lazy\" width=\"1600\" height=\"664\" src=\"https:\/\/www.plveventstravel.com\/wp-content\/uploads\/2024\/01\/Equipa-PLV_grey.jpg\" class=\"attachment-full size-full wp-image-79361\" alt=\"\" srcset=\"https:\/\/www.plveventstravel.com\/wp-content\/uploads\/2024\/01\/Equipa-PLV_grey.jpg 1600w, https:\/\/www.plveventstravel.com\/wp-content\/uploads\/2024\/01\/Equipa-PLV_grey-300x125.jpg 300w, https:\/\/www.plveventstravel.com\/wp-content\/uploads\/2024\/01\/Equipa-PLV_grey-1024x425.jpg 1024w, https:\/\/www.plveventstravel.com\/wp-content\/uploads\/2024\/01\/Equipa-PLV_grey-768x319.jpg 768w, https:\/\/www.plveventstravel.com\/wp-content\/uploads\/2024\/01\/Equipa-PLV_grey-1536x637.jpg 1536w, https:\/\/www.plveventstravel.com\/wp-content\/uploads\/2024\/01\/Equipa-PLV_grey-1200x498.jpg 1200w\" sizes=\"(max-width: 1600px) 100vw, 1600px\" \/>\t\t\t\t\t\t\t\t\t\t\t\t\t\t\t<\/div>\n\t\t\t\t<\/div>\n\t\t\t\t<div class=\"elementor-element elementor-element-e1d559a elementor-widget elementor-widget-spacer\" data-id=\"e1d559a\" data-element_type=\"widget\" data-widget_type=\"spacer.default\">\n\t\t\t\t<div class=\"elementor-widget-container\">\n\t\t\t\t\t<div class=\"elementor-spacer\">\n\t\t\t<div class=\"elementor-spacer-inner\"><\/div>\n\t\t<\/div>\n\t\t\t\t<\/div>\n\t\t\t\t<\/div>\n\t\t\t\t\t<\/div>\n\t\t<\/div>\n\t\t\t\t\t\t\t<\/div>\n\t\t<\/section>\n\t\t\t\t<section class=\"elementor-section elementor-top-section elementor-element elementor-element-c4fa967 elementor-section-boxed elementor-section-height-default elementor-section-height-default wpr-particle-no wpr-jarallax-no wpr-parallax-no wpr-sticky-section-no\" data-id=\"c4fa967\" data-element_type=\"section\">\n\t\t\t\t\t\t<div class=\"elementor-container elementor-column-gap-default\">\n\t\t\t\t\t<div class=\"elementor-column elementor-col-100 elementor-top-column elementor-element elementor-element-fa67195\" data-id=\"fa67195\" data-element_type=\"column\">\n\t\t\t<div class=\"elementor-widget-wrap elementor-element-populated\">\n\t\t\t\t\t\t\t\t<div class=\"elementor-element elementor-element-3bd3314 elementor-widget elementor-widget-spacer\" data-id=\"3bd3314\" data-element_type=\"widget\" data-widget_type=\"spacer.default\">\n\t\t\t\t<div class=\"elementor-widget-container\">\n\t\t\t\t\t<div class=\"elementor-spacer\">\n\t\t\t<div class=\"elementor-spacer-inner\"><\/div>\n\t\t<\/div>\n\t\t\t\t<\/div>\n\t\t\t\t<\/div>\n\t\t\t\t\t<\/div>\n\t\t<\/div>\n\t\t\t\t\t\t\t<\/div>\n\t\t<\/section>\n\t\t\t\t<section class=\"elementor-section elementor-top-section elementor-element elementor-element-4e40202 elementor-section-boxed elementor-section-height-default elementor-section-height-default wpr-particle-no wpr-jarallax-no wpr-parallax-no wpr-sticky-section-no\" data-id=\"4e40202\" data-element_type=\"section\">\n\t\t\t\t\t\t<div class=\"elementor-container elementor-column-gap-default\">\n\t\t\t\t\t<div class=\"elementor-column elementor-col-33 elementor-top-column elementor-element elementor-element-68dfada\" data-id=\"68dfada\" data-element_type=\"column\">\n\t\t\t<div class=\"elementor-widget-wrap elementor-element-populated\">\n\t\t\t\t\t\t\t\t<div class=\"elementor-element elementor-element-003c8a8 elementor-cta--skin-classic elementor-animated-content elementor-bg-transform elementor-bg-transform-zoom-in elementor-widget elementor-widget-call-to-action\" data-id=\"003c8a8\" data-element_type=\"widget\" data-widget_type=\"call-to-action.default\">\n\t\t\t\t<div class=\"elementor-widget-container\">\n\t\t\t\t\t<div class=\"elementor-cta\">\r\n\t\t\t\t\t\t\t<div class=\"elementor-cta__content\">\r\n\t\t\t\t\r\n\t\t\t\t<h2 class=\"elementor-cta__title elementor-cta__content-item elementor-content-item\">MISSION<\/h2>\r\n\t\t\t\t\t\t\t\t\t<div class=\"elementor-cta__description elementor-cta__content-item elementor-content-item\">\r\n\t\t\t\t\t\t<p>Innover et offrir des produits uniques avec des niveaux \u00e9lev\u00e9s de qualit\u00e9 et de s\u00e9curit\u00e9<br \/>\nPratiquer des prix qui refl\u00e8tent la juste valeur des trajets<br \/>\nAccompagner \u00e9troitement le client \u00e0 chaque \u00e9tape de son parcours, en entretenant une relation de confiance mutuelle et en favorisant le \"bouche \u00e0 oreille\".<br \/>\nSoutenir le client autant que possible dans tous ses besoins, en lui offrant le meilleur voyage possible pour lui et pour le groupe.<br \/>\nSensibiliser les clients \u00e0 l'importance du tourisme durable et de la protection de la plan\u00e8te<\/p>\n\t\t\t\t\t<\/div>\r\n\t\t\t\t\r\n\t\t\t\t\t\t\t<\/div>\r\n\t\t\t\t\t\t<\/div>\r\n\t\t\t\t<\/div>\n\t\t\t\t<\/div>\n\t\t\t\t\t<\/div>\n\t\t<\/div>\n\t\t\t\t<div class=\"elementor-column elementor-col-33 elementor-top-column elementor-element elementor-element-93f875b\" data-id=\"93f875b\" data-element_type=\"column\">\n\t\t\t<div class=\"elementor-widget-wrap elementor-element-populated\">\n\t\t\t\t\t\t\t\t<div class=\"elementor-element elementor-element-b15c2c2 elementor-cta--skin-classic elementor-animated-content elementor-bg-transform elementor-bg-transform-zoom-in elementor-widget elementor-widget-call-to-action\" data-id=\"b15c2c2\" data-element_type=\"widget\" data-widget_type=\"call-to-action.default\">\n\t\t\t\t<div class=\"elementor-widget-container\">\n\t\t\t\t\t<div class=\"elementor-cta\">\r\n\t\t\t\t\t\t\t<div class=\"elementor-cta__content\">\r\n\t\t\t\t\r\n\t\t\t\t<h2 class=\"elementor-cta__title elementor-cta__content-item elementor-content-item\">VISION<\/h2>\r\n\t\t\t\t\t\t\t\t\t<div class=\"elementor-cta__description elementor-cta__content-item elementor-content-item\">\r\n\t\t\t\t\t\t<p>\u00catre \u00e0 l'\u00e9coute du client pour mieux le servir<\/p>\n\t\t\t\t\t<\/div>\r\n\t\t\t\t\r\n\t\t\t\t\t\t\t<\/div>\r\n\t\t\t\t\t\t<\/div>\r\n\t\t\t\t<\/div>\n\t\t\t\t<\/div>\n\t\t\t\t\t<\/div>\n\t\t<\/div>\n\t\t\t\t<div class=\"elementor-column elementor-col-33 elementor-top-column elementor-element elementor-element-4affae0\" data-id=\"4affae0\" data-element_type=\"column\">\n\t\t\t<div class=\"elementor-widget-wrap elementor-element-populated\">\n\t\t\t\t\t\t\t\t<div class=\"elementor-element elementor-element-9341977 elementor-cta--skin-classic elementor-animated-content elementor-bg-transform elementor-bg-transform-zoom-in elementor-widget elementor-widget-call-to-action\" data-id=\"9341977\" data-element_type=\"widget\" data-widget_type=\"call-to-action.default\">\n\t\t\t\t<div class=\"elementor-widget-container\">\n\t\t\t\t\t<div class=\"elementor-cta\">\r\n\t\t\t\t\t\t\t<div class=\"elementor-cta__content\">\r\n\t\t\t\t\r\n\t\t\t\t<h2 class=\"elementor-cta__title elementor-cta__content-item elementor-content-item\">VALEURS<\/h2>\r\n\t\t\t\t\t\t\t\t\t<div class=\"elementor-cta__description elementor-cta__content-item elementor-content-item\">\r\n\t\t\t\t\t\t<p>L'innovation<br \/>\nQualit\u00e9<br \/>\nS\u00e9curit\u00e9<br \/>\nTransparence<br \/>\nAltruisme<br \/>\nDisponibilit\u00e9<br \/>\nProximit\u00e9<\/p>\n\t\t\t\t\t<\/div>\r\n\t\t\t\t\r\n\t\t\t\t\t\t\t<\/div>\r\n\t\t\t\t\t\t<\/div>\r\n\t\t\t\t<\/div>\n\t\t\t\t<\/div>\n\t\t\t\t\t<\/div>\n\t\t<\/div>\n\t\t\t\t\t\t\t<\/div>\n\t\t<\/section>\n\t\t\t\t<section class=\"elementor-section elementor-top-section elementor-element elementor-element-1afff1d elementor-section-boxed elementor-section-height-default elementor-section-height-default wpr-particle-no wpr-jarallax-no wpr-parallax-no wpr-sticky-section-no\" data-id=\"1afff1d\" data-element_type=\"section\">\n\t\t\t\t\t\t<div class=\"elementor-container elementor-column-gap-default\">\n\t\t\t\t\t<div class=\"elementor-column elementor-col-100 elementor-top-column elementor-element elementor-element-35bf44e\" data-id=\"35bf44e\" data-element_type=\"column\">\n\t\t\t<div class=\"elementor-widget-wrap elementor-element-populated\">\n\t\t\t\t\t\t\t\t<div class=\"elementor-element elementor-element-6a623c6 elementor-widget elementor-widget-spacer\" data-id=\"6a623c6\" data-element_type=\"widget\" data-widget_type=\"spacer.default\">\n\t\t\t\t<div class=\"elementor-widget-container\">\n\t\t\t\t\t<div class=\"elementor-spacer\">\n\t\t\t<div class=\"elementor-spacer-inner\"><\/div>\n\t\t<\/div>\n\t\t\t\t<\/div>\n\t\t\t\t<\/div>\n\t\t\t\t\t<\/div>\n\t\t<\/div>\n\t\t\t\t\t\t\t<\/div>\n\t\t<\/section>\n\t\t\t\t\t\t\t<\/div>\n\t\t","protected":false},"excerpt":{"rendered":"<p>QUI SOMMES-NOUS ? Pinto Lopes Viagens est un tour op\u00e9rateur, une agence de voyage et un DMC ib\u00e9rique (DMC : Destination Management Company) avec 50 ans d&#8217;exp\u00e9rience, sp\u00e9cialis\u00e9 dans les voyages de groupe, avec une connaissance approfondie et une vaste exp\u00e9rience du Portugal et de l&#8217;Espagne en tant que destination. Pinto Lopes Viagens est bas\u00e9 \u00e0 Porto, sur la Rua Pinto Bessa, et depuis 2012 \u00e0 Lisbonne, sur la Rua Viriato. Chaque ann\u00e9e, environ 24 000 personnes voyagent par l&#8217;interm\u00e9diaire de cette agence, sur plus de 800 circuits organis\u00e9s par les pays les plus divers. Elle compte actuellement une \u00e9quipe d&#8217;environ 60 employ\u00e9s et un groupe de guides exp\u00e9riment\u00e9s et comp\u00e9tents qui partagent l&#8217;esprit de Pinto Lopes. MISSION Innover et offrir des produits uniques avec des niveaux \u00e9lev\u00e9s de qualit\u00e9 et de s\u00e9curit\u00e9 Pratiquer des prix qui refl\u00e8tent la juste valeur des trajets Accompagner \u00e9troitement le client \u00e0 chaque \u00e9tape de son parcours, en entretenant une relation de confiance mutuelle et en favorisant le &#8220;bouche \u00e0 oreille&#8221;. Soutenir le client autant que possible dans tous ses besoins, en lui offrant le meilleur voyage possible pour lui et pour le groupe. Sensibiliser les clients \u00e0 l&#8217;importance du tourisme durable et de la protection de la plan\u00e8te VISION \u00catre \u00e0 l&#8217;\u00e9coute du client pour mieux le servir VALEURS L&#8217;innovation Qualit\u00e9 S\u00e9curit\u00e9 Transparence Altruisme Disponibilit\u00e9 Proximit\u00e9<\/p>\n","protected":false},"author":1,"featured_media":0,"parent":0,"menu_order":25,"comment_status":"closed","ping_status":"closed","template":"elementor_header_footer","meta":{"footnotes":""},"_links":{"self":[{"href":"https:\/\/www.plveventstravel.com\/fr\/wp-json\/wp\/v2\/pages\/80847"}],"collection":[{"href":"https:\/\/www.plveventstravel.com\/fr\/wp-json\/wp\/v2\/pages"}],"about":[{"href":"https:\/\/www.plveventstravel.com\/fr\/wp-json\/wp\/v2\/types\/page"}],"author":[{"embeddable":true,"href":"https:\/\/www.plveventstravel.com\/fr\/wp-json\/wp\/v2\/users\/1"}],"replies":[{"embeddable":true,"href":"https:\/\/www.plveventstravel.com\/fr\/wp-json\/wp\/v2\/comments?post=80847"}],"version-history":[{"count":1,"href":"https:\/\/www.plveventstravel.com\/fr\/wp-json\/wp\/v2\/pages\/80847\/revisions"}],"predecessor-version":[{"id":80848,"href":"https:\/\/www.plveventstravel.com\/fr\/wp-json\/wp\/v2\/pages\/80847\/revisions\/80848"}],"wp:attachment":[{"href":"https:\/\/www.plveventstravel.com\/fr\/wp-json\/wp\/v2\/media?parent=80847"}],"curies":[{"name":"wp","href":"https:\/\/api.w.org\/{rel}","templated":true}]}}