{"id":81175,"date":"2024-01-28T17:37:15","date_gmt":"2024-01-28T17:37:15","guid":{"rendered":"https:\/\/www.plveventstravel.com\/politica-de-cookies\/"},"modified":"2024-02-17T18:08:17","modified_gmt":"2024-02-17T18:08:17","slug":"politica-de-cookies","status":"publish","type":"page","link":"https:\/\/www.plveventstravel.com\/es\/politica-de-cookies\/","title":{"rendered":"Pol\u00edtica de cookies"},"content":{"rendered":"\t\t<div data-elementor-type=\"wp-page\" data-elementor-id=\"81175\" class=\"elementor elementor-81175 elementor-79631\" data-elementor-post-type=\"page\">\n\t\t\t\t\t\t\t\t\t<section class=\"elementor-section elementor-top-section elementor-element elementor-element-5f9dac0 elementor-section-boxed elementor-section-height-default elementor-section-height-default wpr-particle-no wpr-jarallax-no wpr-parallax-no wpr-sticky-section-no\" data-id=\"5f9dac0\" data-element_type=\"section\">\n\t\t\t\t\t\t<div class=\"elementor-container elementor-column-gap-default\">\n\t\t\t\t\t<div class=\"elementor-column elementor-col-100 elementor-top-column elementor-element elementor-element-f4a8b0d\" data-id=\"f4a8b0d\" data-element_type=\"column\">\n\t\t\t<div class=\"elementor-widget-wrap elementor-element-populated\">\n\t\t\t\t\t\t\t\t<div class=\"elementor-element elementor-element-cad9f47 elementor-widget elementor-widget-spacer\" data-id=\"cad9f47\" data-element_type=\"widget\" data-widget_type=\"spacer.default\">\n\t\t\t\t<div class=\"elementor-widget-container\">\n\t\t\t\t\t<div class=\"elementor-spacer\">\n\t\t\t<div class=\"elementor-spacer-inner\"><\/div>\n\t\t<\/div>\n\t\t\t\t<\/div>\n\t\t\t\t<\/div>\n\t\t\t\t<div class=\"elementor-element elementor-element-f538941 elementor-widget elementor-widget-heading\" data-id=\"f538941\" data-element_type=\"widget\" data-widget_type=\"heading.default\">\n\t\t\t\t<div class=\"elementor-widget-container\">\n\t\t\t<h2 class=\"elementor-heading-title elementor-size-default\">pol\u00edtica de cookies<\/h2>\t\t<\/div>\n\t\t\t\t<\/div>\n\t\t\t\t<div class=\"elementor-element elementor-element-238d683 elementor-widget elementor-widget-spacer\" data-id=\"238d683\" data-element_type=\"widget\" data-widget_type=\"spacer.default\">\n\t\t\t\t<div class=\"elementor-widget-container\">\n\t\t\t\t\t<div class=\"elementor-spacer\">\n\t\t\t<div class=\"elementor-spacer-inner\"><\/div>\n\t\t<\/div>\n\t\t\t\t<\/div>\n\t\t\t\t<\/div>\n\t\t\t\t<div class=\"elementor-element elementor-element-0463fe8 elementor-widget elementor-widget-spacer\" data-id=\"0463fe8\" data-element_type=\"widget\" data-widget_type=\"spacer.default\">\n\t\t\t\t<div class=\"elementor-widget-container\">\n\t\t\t\t\t<div class=\"elementor-spacer\">\n\t\t\t<div class=\"elementor-spacer-inner\"><\/div>\n\t\t<\/div>\n\t\t\t\t<\/div>\n\t\t\t\t<\/div>\n\t\t\t\t\t<\/div>\n\t\t<\/div>\n\t\t\t\t\t\t\t<\/div>\n\t\t<\/section>\n\t\t\t\t<section class=\"elementor-section elementor-top-section elementor-element elementor-element-e92564f elementor-section-boxed elementor-section-height-default elementor-section-height-default wpr-particle-no wpr-jarallax-no wpr-parallax-no wpr-sticky-section-no\" data-id=\"e92564f\" data-element_type=\"section\">\n\t\t\t\t\t\t<div class=\"elementor-container elementor-column-gap-wide\">\n\t\t\t\t\t<div class=\"elementor-column elementor-col-50 elementor-top-column elementor-element elementor-element-e0f4aa9\" data-id=\"e0f4aa9\" data-element_type=\"column\">\n\t\t\t<div class=\"elementor-widget-wrap elementor-element-populated\">\n\t\t\t\t\t\t\t\t<div class=\"elementor-element elementor-element-f1fc18e elementor-widget elementor-widget-text-editor\" data-id=\"f1fc18e\" data-element_type=\"widget\" data-widget_type=\"text-editor.default\">\n\t\t\t\t<div class=\"elementor-widget-container\">\n\t\t\t\t\t\t\t<p>Al utilizar este sitio web, usted acepta el uso de cookies de conformidad con esta Pol\u00edtica.<\/p>\n<p>En este texto, Pinto Lopes Viagens detalla la informaci\u00f3n relativa a las Cookies utilizadas en el sitio web, as\u00ed como los fines para los que se utilizan.<\/p>\n<p>Este sitio web tambi\u00e9n puede contener enlaces -especialmente para compartir en redes sociales- a otros sitios web o aplicaciones, incluidos, por ejemplo, los que son responsabilidad de socios habituales como Facebook, Instagram, LinkedIn, YouTube o Google. Si el usuario accede a cualquiera de estos sitios a trav\u00e9s de uno de estos enlaces, debe tener en cuenta que las respectivas Pol\u00edticas de Cookies son responsabilidad exclusiva de las entidades que las generan. Por este motivo, el usuario debe leer las Pol\u00edticas de Cookies de estas otras plataformas o aplicaciones antes de utilizarlas.<\/p>\n<p><strong style=\"color: #9f0050;\">  1. CONOCER LAS GALLETAS<\/strong><br \/>Las cookies son peque\u00f1os archivos de texto que contienen informaci\u00f3n relevante que su dispositivo de acceso (ordenador, tel\u00e9fono m\u00f3vil\/smartphone o tableta) carga a trav\u00e9s de su navegador cuando visita un sitio web.<\/p>\n<p>La colocaci\u00f3n de cookies no s\u00f3lo ayudar\u00e1 al sitio web a reconocer el dispositivo del usuario la pr\u00f3xima vez que lo visite, sino que a menudo es esencial para su funcionamiento.<\/p>\n<p><strong>Las cookies utilizadas por Pinto Lopes Viagens nunca recogen informaci\u00f3n personal que permita identificar al usuario.<\/strong>  S\u00f3lo almacenan informaci\u00f3n gen\u00e9rica, como por ejemplo c\u00f3mo o d\u00f3nde\/pa\u00eds acceden los usuarios al sitio y c\u00f3mo lo utilizan, entre otras cosas.  <strong>Las cookies s\u00f3lo conservan informaci\u00f3n relacionada con sus preferencias.<\/strong><\/p>\n<p>El usuario puede, en cualquier momento y a trav\u00e9s de su navegador, decidir que se le notifique la recepci\u00f3n de Cookies. Sin embargo, debe tenerse en cuenta que negarse a utilizar Cookies en el sitio disminuir\u00e1 la calidad de la experiencia digital y tambi\u00e9n puede resultar en la imposibilidad de acceder a algunas de las p\u00e1ginas del sitio.<\/p>\n<p><strong style=\"color: #9f0050;\"><br \/>2. FUNCIONALIDAD DE LAS COOKIES<\/strong><br \/>En general, las cookies se utilizan para mejorar la experiencia de navegaci\u00f3n del usuario, aumentando la rapidez y calidad de respuesta del sitio web. Tambi\u00e9n eliminan la necesidad de que el usuario introduzca repetidamente la misma informaci\u00f3n y ayudan a determinar que los mensajes publicitarios que el usuario puede ver son pertinentes y se ajustan a sus intereses, mejorando as\u00ed la utilidad y el inter\u00e9s de la experiencia digital al consultar nuestro sitio.<\/p>\n<p><strong style=\"color: #9f0050;\">DIFERENTES TIPOS DE COOKIES:<br \/><\/strong>Cada Cookie utilizada tiene una funci\u00f3n y una validez, como se explica a continuaci\u00f3n.<\/p>\n<p><strong>2.1 Desde el punto de vista de su funci\u00f3n, las Cookies utilizadas pueden ser:<\/strong><\/p>\n<p><strong>2.1.1. Galletas esenciales:  <\/strong>Algunas cookies son esenciales para navegar por el sitio. Sin ellos, la correcta visualizaci\u00f3n de algunas p\u00e1ginas del sitio puede verse comprometida.<\/p>\n<p><strong>2.1.2. Cookies de funcionalidad:  <\/strong>Estas cookies permiten que el sitio web ofrezca una mejor funcionalidad y personalizaci\u00f3n al recordar las elecciones que ha hecho el usuario (como el idioma preferido o la ubicaci\u00f3n geogr\u00e1fica). Por ejemplo, las cookies evitan que tenga que introducir su nombre o direcci\u00f3n de correo electr\u00f3nico cada vez que nos env\u00eda un mensaje o realiza una solicitud de reserva a trav\u00e9s de uno de nuestros formularios. La informaci\u00f3n que recopilan estas cookies es an\u00f3nima y nunca puede rastrear su actividad de navegaci\u00f3n en otros sitios web.<\/p>\n<p><strong>2.1.3. Cookies anal\u00edticas:  <\/strong>Estas cookies se utilizan para analizar c\u00f3mo los usuarios utilizan el sitio, lo que nos permite destacar art\u00edculos o servicios que pueden ser de inter\u00e9s para los usuarios, y para supervisar el rendimiento del sitio, sabiendo qu\u00e9 p\u00e1ginas son las m\u00e1s populares, cu\u00e1l es el m\u00e9todo m\u00e1s eficaz de conexi\u00f3n entre p\u00e1ginas o por qu\u00e9 algunas p\u00e1ginas reciben mensajes de error o no son visitadas. Estas cookies s\u00f3lo se utilizan para crear y analizar estad\u00edsticas, sin <strong>recoger nunca informaci\u00f3n personal que identifique al usuario<\/strong>. Toda la informaci\u00f3n recogida por estas cookies se agrega en <strong>indicadores no personales y, por tanto, se anonimiza <\/strong>.  <\/p>\n<p><strong>2.1.4. Cookies de terceros\/publicidad<\/strong>Son cookies de entidades externas (terceros), concretamente Google y las distintas redes sociales mencionadas anteriormente, que se utilizan para segmentar la publicidad en funci\u00f3n de los intereses de cada usuario y del n\u00famero de visitas que haya realizado, permitiendo adem\u00e1s limitar el n\u00famero de veces que se visualiza un anuncio. Estas cookies tambi\u00e9n ayudan a medir la eficacia de los anuncios. Pueden ser utilizados por terceras empresas para construir un perfil de los intereses del usuario con el fin de mostrar publicidad relevante de Pinto Lopes Viagens en esos mismos sitios. En este caso, tampoco se almacena ninguna informaci\u00f3n personal, ya que estas cookies <strong>s\u00f3lo identifican el navegador y el dispositivo de conexi\u00f3n a Internet utilizados<\/strong>.<\/p>\n<p><strong>2.2 Con respecto a la validez, las Cookies utilizadas pueden ser:<\/strong><\/p>\n<p><strong>2.2.1. Cookies permanentes:<\/strong>  Se almacenan en sus dispositivos de acceso (ordenador, tel\u00e9fono m\u00f3vil\/smartphone o tableta), a nivel del navegador, y se utilizan cada vez que el usuario vuelve a visitar el sitio.<\/p>\n\t\t\t\t\t\t<\/div>\n\t\t\t\t<\/div>\n\t\t\t\t\t<\/div>\n\t\t<\/div>\n\t\t\t\t<div class=\"elementor-column elementor-col-50 elementor-top-column elementor-element elementor-element-eb0ae20\" data-id=\"eb0ae20\" data-element_type=\"column\">\n\t\t\t<div class=\"elementor-widget-wrap elementor-element-populated\">\n\t\t\t\t\t\t\t\t<div class=\"elementor-element elementor-element-3b00f53 elementor-widget elementor-widget-text-editor\" data-id=\"3b00f53\" data-element_type=\"widget\" data-widget_type=\"text-editor.default\">\n\t\t\t\t<div class=\"elementor-widget-container\">\n\t\t\t\t\t\t\t<p><strong>2.2.2. Cookies de sesi\u00f3n:  <\/strong>Son temporales, se generan en cada sesi\u00f3n y est\u00e1n disponibles hasta que se cierra la sesi\u00f3n. La pr\u00f3xima vez que el usuario acceda a su navegador, estas cookies dejar\u00e1n de almacenarse. La informaci\u00f3n obtenida de estas cookies nos permite gestionar las sesiones, identificar posibles problemas y ofrecer una mejor experiencia de navegaci\u00f3n.<\/p>\n<p><strong style=\"color: #9f0050;\"><strong><br \/>\u00bfDEBO ACEPTAR EL USO DE COOKIES?  <\/strong><br \/><\/strong>En cumplimiento de la legislaci\u00f3n vigente, a excepci\u00f3n de las Cookies estrictamente necesarias y de las Cookies de rendimiento, este sitio web s\u00f3lo podr\u00e1 recurrir al uso de cualquier otra Cookie con el previo consentimiento expreso del usuario.<br \/>Es importante mencionar que el uso de Cookies es imprescindible para el correcto funcionamiento del sitio web en su conjunto, por lo que se recomienda su aceptaci\u00f3n.<\/p>\n<p><strong style=\"color: #9f0050;\"><br \/>GESTI\u00d3N Y DESACTIVACI\u00d3N DE COOKIES  <\/strong><br \/>Al utilizar el sitio web de Pinto Lopes Viagens, el usuario consiente el uso de Cookies de acuerdo con esta Pol\u00edtica.<\/p>\n<p>Es <strong>importante mencionar que, tras autorizar el uso de Cookies, el usuario puede revocar su decisi\u00f3n en cualquier momento desactivando algunas o todas las Cookies<\/strong> que acabamos de mencionar.<\/p>\n<p>La mayor\u00eda de los navegadores permiten controlar las Cookies almacenadas en los dispositivos del visitante, as\u00ed como su eliminaci\u00f3n inmediata si el usuario desea retirar su permiso para el almacenamiento local de Cookies.<\/p>\n<p>Los usuarios siempre pueden configurar los dispositivos y navegadores que utilizan para aceptar todas o s\u00f3lo algunas Cookies, para que se les notifique cada vez que se emite una Cookie o incluso para no recibir nunca Cookies.<\/p>\n<p>Puede utilizar uno de los siguientes enlaces para gestionar sus cookies de forma sencilla e intuitiva desde su navegador:<\/p>\n<ol start=\"4\">\n<li style=\"list-style-type: none;\">\n<ol start=\"4\">\n<li style=\"list-style-type: none;\">\n<ul>\n<li>Para m\u00e1s informaci\u00f3n sobre la &#8220;Navegaci\u00f3n privada&#8221; y la gesti\u00f3n de cookies en el navegador Firefox, haga clic aqu\u00ed: <a href=\"https:\/\/support.mozilla.org\/en-US\/kb\/enable-and-disable-cookies-website-preferences\">https:\/\/support.mozilla.org\/en-US\/kb\/enable-and-disable-cookies-website-preferences<\/a><\/li>\n<li>Para obtener m\u00e1s informaci\u00f3n sobre la &#8220;navegaci\u00f3n de inc\u00f3gnito&#8221; y la gesti\u00f3n de cookies en el navegador Chrome, haga clic aqu\u00ed: <a href=\"https:\/\/support.google.com\/chrome\/answer\/95647?hl=en\">https:\/\/support.google.com\/chrome\/answer\/95647?hl=en<\/a><\/li>\n<li>Para m\u00e1s informaci\u00f3n sobre la &#8220;Navegaci\u00f3n privada&#8221; y la gesti\u00f3n de cookies desde el navegador Internet Explorer, haga clic aqu\u00ed: <a href=\"https:\/\/support.microsoft.com\/en-us\/help\/17442\/windows-internet-explorer-delete-manage-cookies\">https:\/\/support.microsoft.com\/en-us\/help\/17442\/windows-internet-explorer-delete-manage-cookies<\/a><\/li>\n<li>Para m\u00e1s informaci\u00f3n sobre la &#8220;Navegaci\u00f3n privada&#8221; y la gesti\u00f3n de cookies desde Safari, haga clic aqu\u00ed: <a href=\"https:\/\/support.apple.com\/kb\/ph21411?locale=en_US\">https:\/\/support.apple.com\/kb\/ph21411?locale=en_US<\/a><\/li>\n<li>Para m\u00e1s informaci\u00f3n sobre la &#8220;Navegaci\u00f3n privada&#8221; y la gesti\u00f3n de cookies en el navegador Opera, haga clic aqu\u00ed: <a href=\"https:\/\/help.opera.com\/en\/latest\/security-and-privacy\/#privateWindow\">https:\/\/help.opera.com\/en\/latest\/security-and-privacy\/#privateWindow<\/a><\/li>\n<\/ul>\n<\/li>\n<\/ol>\n<\/li>\n<\/ol>\n<p>Para obtener informaci\u00f3n sobre las Cookies, debe consultar las instrucciones y manuales de cada navegador utilizado.<\/p>\n<p>Para obtener m\u00e1s informaci\u00f3n sobre las cookies y su uso, consulte los siguientes enlaces:<\/p>\n<ol start=\"4\">\n<li style=\"list-style-type: none;\">\n<ol start=\"4\">\n<li style=\"list-style-type: none;\">\n<ul>\n<li><a href=\"http:\/\/www.microsoft.com\/info\/cookies.mspx\">Gu\u00eda de cookies de Microsoft<\/a><\/li>\n<li><a href=\"http:\/\/www.allaboutcookies.org\/\">Todo sobre las cookies<\/a><\/li>\n<\/ul>\n<\/li>\n<\/ol>\n<\/li>\n<\/ol>\n<p>Sin embargo, nos gustar\u00eda se\u00f1alar que si desactiva las cookies, es posible que el sitio web de Pinto Lopes Viagens no funcione tan bien como le gustar\u00eda.<\/p>\n<ol start=\"4\">\n<li style=\"list-style-type: none;\">\n<ol start=\"4\">\n<li style=\"list-style-type: none;\">2.2 Con respecto a la validez, las Cookies utilizadas pueden ser:<br \/>2.2.1. Cookies permanentes: Se almacenan en sus dispositivos de acceso (ordenador, tel\u00e9fono m\u00f3vil\/smartphone o tableta), a nivel del navegador de Internet, y se utilizan cada vez que el usuario vuelve a visitar el sitio.<br \/>2.2.2. Cookies de sesi\u00f3n: Son temporales, se generan durante cada sesi\u00f3n y est\u00e1n disponibles hasta que se cierra la sesi\u00f3n. La pr\u00f3xima vez que el usuario acceda a su navegador, estas cookies dejar\u00e1n de almacenarse. La informaci\u00f3n obtenida de estas cookies nos permite gestionar las sesiones, identificar posibles problemas y ofrecer una mejor experiencia de navegaci\u00f3n.<\/li>\n<\/ol>\n<\/li>\n<\/ol>\n<ul>\n<li style=\"list-style-type: none;\"><strong style=\"color: #9f0050;\"><br \/>5. COOKIES DE APERTURA DE NEWSLETTERNuestros<\/strong>boletines contienen, con fines estad\u00edsticos, im\u00e1genes que nos permiten saber si se abren o no y comprobar los clics a trav\u00e9s de los enlaces que contienen.<br \/>Los usuarios siempre tienen la opci\u00f3n de darse de baja de los boletines promocionales enviados a su direcci\u00f3n de correo electr\u00f3nico haciendo clic en el enlace &#8220;Darse de baja&#8221; que aparece al final de todos nuestros boletines.<\/li>\n<li style=\"list-style-type: none;\">\n<p><strong style=\"color: #9f0050;\"><\/p>\n<p>6.<\/strong>CAMBIOS <strong style=\"color: #9f0050;\">EN LA POL\u00cdTICA<\/strong>DE COOKIES Pinto Lopes Viagens se reserva el derecho a realizar cambios o actualizaciones en esta Pol\u00edtica de Cookies en cualquier momento, y dichos cambios ser\u00e1n debidamente actualizados en el sitio web.<\/p>\n<p>Le sugerimos que consulte esta Pol\u00edtica con regularidad para estar al tanto de cualquier cambio.<\/p>\n<\/li>\n<\/ul>\n\t\t\t\t\t\t<\/div>\n\t\t\t\t<\/div>\n\t\t\t\t\t<\/div>\n\t\t<\/div>\n\t\t\t\t\t\t\t<\/div>\n\t\t<\/section>\n\t\t\t\t<section class=\"elementor-section elementor-top-section elementor-element elementor-element-1c46ffb elementor-section-boxed elementor-section-height-default elementor-section-height-default wpr-particle-no wpr-jarallax-no wpr-parallax-no wpr-sticky-section-no\" data-id=\"1c46ffb\" data-element_type=\"section\">\n\t\t\t\t\t\t<div class=\"elementor-container elementor-column-gap-default\">\n\t\t\t\t\t<div class=\"elementor-column elementor-col-100 elementor-top-column elementor-element elementor-element-d1fa767\" data-id=\"d1fa767\" data-element_type=\"column\">\n\t\t\t<div class=\"elementor-widget-wrap elementor-element-populated\">\n\t\t\t\t\t\t\t\t<div class=\"elementor-element elementor-element-c20bee1 elementor-widget elementor-widget-spacer\" data-id=\"c20bee1\" data-element_type=\"widget\" data-widget_type=\"spacer.default\">\n\t\t\t\t<div class=\"elementor-widget-container\">\n\t\t\t\t\t<div class=\"elementor-spacer\">\n\t\t\t<div class=\"elementor-spacer-inner\"><\/div>\n\t\t<\/div>\n\t\t\t\t<\/div>\n\t\t\t\t<\/div>\n\t\t\t\t\t<\/div>\n\t\t<\/div>\n\t\t\t\t\t\t\t<\/div>\n\t\t<\/section>\n\t\t\t\t<section class=\"elementor-section elementor-top-section elementor-element elementor-element-88f1cf1 elementor-section-boxed elementor-section-height-default elementor-section-height-default wpr-particle-no wpr-jarallax-no wpr-parallax-no wpr-sticky-section-no\" data-id=\"88f1cf1\" data-element_type=\"section\">\n\t\t\t\t\t\t<div class=\"elementor-container elementor-column-gap-default\">\n\t\t\t\t\t<div class=\"elementor-column elementor-col-100 elementor-top-column elementor-element elementor-element-952dc11\" data-id=\"952dc11\" data-element_type=\"column\">\n\t\t\t<div class=\"elementor-widget-wrap elementor-element-populated\">\n\t\t\t\t\t\t\t\t<div class=\"elementor-element elementor-element-2c9020a elementor-widget elementor-widget-spacer\" data-id=\"2c9020a\" data-element_type=\"widget\" data-widget_type=\"spacer.default\">\n\t\t\t\t<div class=\"elementor-widget-container\">\n\t\t\t\t\t<div class=\"elementor-spacer\">\n\t\t\t<div class=\"elementor-spacer-inner\"><\/div>\n\t\t<\/div>\n\t\t\t\t<\/div>\n\t\t\t\t<\/div>\n\t\t\t\t\t<\/div>\n\t\t<\/div>\n\t\t\t\t\t\t\t<\/div>\n\t\t<\/section>\n\t\t\t\t\t\t\t<\/div>\n\t\t","protected":false},"excerpt":{"rendered":"<p>pol\u00edtica de cookies Al utilizar este sitio web, usted acepta el uso de cookies de conformidad con esta Pol\u00edtica. En este texto, Pinto Lopes Viagens detalla la informaci\u00f3n relativa a las Cookies utilizadas en el sitio web, as\u00ed como los fines para los que se utilizan. Este sitio web tambi\u00e9n puede contener enlaces -especialmente para compartir en redes sociales- a otros sitios web o aplicaciones, incluidos, por ejemplo, los que son responsabilidad de socios habituales como Facebook, Instagram, LinkedIn, YouTube o Google. Si el usuario accede a cualquiera de estos sitios a trav\u00e9s de uno de estos enlaces, debe tener en cuenta que las respectivas Pol\u00edticas de Cookies son responsabilidad exclusiva de las entidades que las generan. Por este motivo, el usuario debe leer las Pol\u00edticas de Cookies de estas otras plataformas o aplicaciones antes de utilizarlas. 1. CONOCER LAS GALLETASLas cookies son peque\u00f1os archivos de texto que contienen informaci\u00f3n relevante que su dispositivo de acceso (ordenador, tel\u00e9fono m\u00f3vil\/smartphone o tableta) carga a trav\u00e9s de su navegador cuando visita un sitio web. La colocaci\u00f3n de cookies no s\u00f3lo ayudar\u00e1 al sitio web a reconocer el dispositivo del usuario la pr\u00f3xima vez que lo visite, sino que a menudo es esencial para su funcionamiento. Las cookies utilizadas por Pinto Lopes Viagens nunca recogen informaci\u00f3n personal que permita identificar al usuario. S\u00f3lo almacenan informaci\u00f3n gen\u00e9rica, como por ejemplo c\u00f3mo o d\u00f3nde\/pa\u00eds acceden los usuarios al sitio y c\u00f3mo lo utilizan, entre otras cosas. Las cookies s\u00f3lo conservan informaci\u00f3n relacionada con sus preferencias. El usuario puede, en cualquier momento y a trav\u00e9s de su navegador, decidir que se le notifique la recepci\u00f3n de Cookies. Sin embargo, debe tenerse en cuenta que negarse a utilizar Cookies en el sitio disminuir\u00e1 la calidad de la experiencia digital y tambi\u00e9n puede resultar en la imposibilidad de acceder a algunas de las p\u00e1ginas del sitio. 2. FUNCIONALIDAD DE LAS COOKIESEn general, las cookies se utilizan para mejorar la experiencia de navegaci\u00f3n del usuario, aumentando la rapidez y calidad de respuesta del sitio web. Tambi\u00e9n eliminan la necesidad de que el usuario introduzca repetidamente la misma informaci\u00f3n y ayudan a determinar que los mensajes publicitarios que el usuario puede ver son pertinentes y se ajustan a sus intereses, mejorando as\u00ed la utilidad y el inter\u00e9s de la experiencia digital al consultar nuestro sitio. DIFERENTES TIPOS DE COOKIES:Cada Cookie utilizada tiene una funci\u00f3n y una validez, como se explica a continuaci\u00f3n. 2.1 Desde el punto de vista de su funci\u00f3n, las Cookies utilizadas pueden ser: 2.1.1. Galletas esenciales: Algunas cookies son esenciales para navegar por el sitio. Sin ellos, la correcta visualizaci\u00f3n de algunas p\u00e1ginas del sitio puede verse comprometida. 2.1.2. Cookies de funcionalidad: Estas cookies permiten que el sitio web ofrezca una mejor funcionalidad y personalizaci\u00f3n al recordar las elecciones que ha hecho el usuario (como el idioma preferido o la ubicaci\u00f3n geogr\u00e1fica). Por ejemplo, las cookies evitan que tenga que introducir su nombre o direcci\u00f3n de correo electr\u00f3nico cada vez que nos env\u00eda un mensaje o realiza una solicitud de reserva a trav\u00e9s de uno de nuestros formularios. La informaci\u00f3n que recopilan estas cookies es an\u00f3nima y nunca puede rastrear su actividad de navegaci\u00f3n en otros sitios web. 2.1.3. Cookies anal\u00edticas: Estas cookies se utilizan para analizar c\u00f3mo los usuarios utilizan el sitio, lo que nos permite destacar art\u00edculos o servicios que pueden ser de inter\u00e9s para los usuarios, y para supervisar el rendimiento del sitio, sabiendo qu\u00e9 p\u00e1ginas son las m\u00e1s populares, cu\u00e1l es el m\u00e9todo m\u00e1s eficaz de conexi\u00f3n entre p\u00e1ginas o por qu\u00e9 algunas p\u00e1ginas reciben mensajes de error o no son visitadas. Estas cookies s\u00f3lo se utilizan para crear y analizar estad\u00edsticas, sin recoger nunca informaci\u00f3n personal que identifique al usuario. Toda la informaci\u00f3n recogida por estas cookies se agrega en indicadores no personales y, por tanto, se anonimiza . 2.1.4. Cookies de terceros\/publicidadSon cookies de entidades externas (terceros), concretamente Google y las distintas redes sociales mencionadas anteriormente, que se utilizan para segmentar la publicidad en funci\u00f3n de los intereses de cada usuario y del n\u00famero de visitas que haya realizado, permitiendo adem\u00e1s limitar el n\u00famero de veces que se visualiza un anuncio. Estas cookies tambi\u00e9n ayudan a medir la eficacia de los anuncios. Pueden ser utilizados por terceras empresas para construir un perfil de los intereses del usuario con el fin de mostrar publicidad relevante de Pinto Lopes Viagens en esos mismos sitios. En este caso, tampoco se almacena ninguna informaci\u00f3n personal, ya que estas cookies s\u00f3lo identifican el navegador y el dispositivo de conexi\u00f3n a Internet utilizados. 2.2 Con respecto a la validez, las Cookies utilizadas pueden ser: 2.2.1. Cookies permanentes: Se almacenan en sus dispositivos de acceso (ordenador, tel\u00e9fono m\u00f3vil\/smartphone o tableta), a nivel del navegador, y se utilizan cada vez que el usuario vuelve a visitar el sitio. 2.2.2. Cookies de sesi\u00f3n: Son temporales, se generan en cada sesi\u00f3n y est\u00e1n disponibles hasta que se cierra la sesi\u00f3n. La pr\u00f3xima vez que el usuario acceda a su navegador, estas cookies dejar\u00e1n de almacenarse. La informaci\u00f3n obtenida de estas cookies nos permite gestionar las sesiones, identificar posibles problemas y ofrecer una mejor experiencia de navegaci\u00f3n. \u00bfDEBO ACEPTAR EL USO DE COOKIES? En cumplimiento de la legislaci\u00f3n vigente, a excepci\u00f3n de las Cookies estrictamente necesarias y de las Cookies de rendimiento, este sitio web s\u00f3lo podr\u00e1 recurrir al uso de cualquier otra Cookie con el previo consentimiento expreso del usuario.Es importante mencionar que el uso de Cookies es imprescindible para el correcto funcionamiento del sitio web en su conjunto, por lo que se recomienda su aceptaci\u00f3n. GESTI\u00d3N Y DESACTIVACI\u00d3N DE COOKIES Al utilizar el sitio web de Pinto Lopes Viagens, el usuario consiente el uso de Cookies de acuerdo con esta Pol\u00edtica. Es importante mencionar que, tras autorizar el uso de Cookies, el usuario puede revocar su decisi\u00f3n en cualquier momento desactivando algunas o todas las Cookies que acabamos de mencionar. La mayor\u00eda de los navegadores permiten controlar las Cookies almacenadas en los dispositivos del visitante, as\u00ed como su eliminaci\u00f3n&hellip;<\/p>\n","protected":false},"author":1,"featured_media":0,"parent":0,"menu_order":273,"comment_status":"closed","ping_status":"closed","template":"elementor_header_footer","meta":{"footnotes":""},"_links":{"self":[{"href":"https:\/\/www.plveventstravel.com\/es\/wp-json\/wp\/v2\/pages\/81175"}],"collection":[{"href":"https:\/\/www.plveventstravel.com\/es\/wp-json\/wp\/v2\/pages"}],"about":[{"href":"https:\/\/www.plveventstravel.com\/es\/wp-json\/wp\/v2\/types\/page"}],"author":[{"embeddable":true,"href":"https:\/\/www.plveventstravel.com\/es\/wp-json\/wp\/v2\/users\/1"}],"replies":[{"embeddable":true,"href":"https:\/\/www.plveventstravel.com\/es\/wp-json\/wp\/v2\/comments?post=81175"}],"version-history":[{"count":1,"href":"https:\/\/www.plveventstravel.com\/es\/wp-json\/wp\/v2\/pages\/81175\/revisions"}],"predecessor-version":[{"id":81176,"href":"https:\/\/www.plveventstravel.com\/es\/wp-json\/wp\/v2\/pages\/81175\/revisions\/81176"}],"wp:attachment":[{"href":"https:\/\/www.plveventstravel.com\/es\/wp-json\/wp\/v2\/media?parent=81175"}],"curies":[{"name":"wp","href":"https:\/\/api.w.org\/{rel}","templated":true}]}}