{"id":80849,"date":"2020-11-06T14:10:36","date_gmt":"2020-11-06T14:10:36","guid":{"rendered":"https:\/\/www.plveventstravel.com\/quienes-somos\/"},"modified":"2024-02-16T16:24:55","modified_gmt":"2024-02-16T16:24:55","slug":"quienes-somos","status":"publish","type":"page","link":"https:\/\/www.plveventstravel.com\/es\/quienes-somos\/","title":{"rendered":"Qui\u00e9nes somos"},"content":{"rendered":"\t\t<div data-elementor-type=\"wp-page\" data-elementor-id=\"80849\" class=\"elementor elementor-80849 elementor-7615\" data-elementor-post-type=\"page\">\n\t\t\t\t\t\t\t\t\t<section class=\"elementor-section elementor-top-section elementor-element elementor-element-1c9f2b9 elementor-section-boxed elementor-section-height-default elementor-section-height-default wpr-particle-no wpr-jarallax-no wpr-parallax-no wpr-sticky-section-no\" data-id=\"1c9f2b9\" data-element_type=\"section\" data-settings=\"{&quot;background_background&quot;:&quot;classic&quot;}\">\n\t\t\t\t\t\t<div class=\"elementor-container elementor-column-gap-wide\">\n\t\t\t\t\t<div class=\"elementor-column elementor-col-50 elementor-top-column elementor-element elementor-element-2b994bc\" data-id=\"2b994bc\" data-element_type=\"column\">\n\t\t\t<div class=\"elementor-widget-wrap elementor-element-populated\">\n\t\t\t\t\t\t\t\t<div class=\"elementor-element elementor-element-cd8e6f7 elementor-widget elementor-widget-heading\" data-id=\"cd8e6f7\" data-element_type=\"widget\" data-widget_type=\"heading.default\">\n\t\t\t\t<div class=\"elementor-widget-container\">\n\t\t\t<h2 class=\"elementor-heading-title elementor-size-default\">QUI\u00c9NES SOMOS<\/h2>\t\t<\/div>\n\t\t\t\t<\/div>\n\t\t\t\t<div class=\"elementor-element elementor-element-633d390 elementor-widget elementor-widget-spacer\" data-id=\"633d390\" data-element_type=\"widget\" data-widget_type=\"spacer.default\">\n\t\t\t\t<div class=\"elementor-widget-container\">\n\t\t\t\t\t<div class=\"elementor-spacer\">\n\t\t\t<div class=\"elementor-spacer-inner\"><\/div>\n\t\t<\/div>\n\t\t\t\t<\/div>\n\t\t\t\t<\/div>\n\t\t\t\t<div class=\"elementor-element elementor-element-64c6835 elementor-widget elementor-widget-text-editor\" data-id=\"64c6835\" data-element_type=\"widget\" data-widget_type=\"text-editor.default\">\n\t\t\t\t<div class=\"elementor-widget-container\">\n\t\t\t\t\t\t\t<p>Pinto Lopes Viagens es un touroperador, agencia de viajes y DMC (Destination Management Company) ib\u00e9rico con 50 a\u00f1os de experiencia, especializado en viajes en grupo, con un profundo conocimiento y una amplia experiencia de Portugal y Espa\u00f1a como destino.<\/p>\n<p>Pinto Lopes Viagens tiene su sede en Oporto, en la Rua Pinto Bessa, y desde 2012 en Lisboa, en la Rua Viriato. Cada a\u00f1o viajan a trav\u00e9s de esta agencia unas 24.000 personas, en m\u00e1s de 800 viajes organizados por los m\u00e1s variados pa\u00edses.  <\/p>\n<p>Actualmente cuenta con un equipo de unos 60 empleados y un grupo de gu\u00edas experimentados y conocedores que abrazan el esp\u00edritu Pinto Lopes.<\/p>\n\t\t\t\t\t\t<\/div>\n\t\t\t\t<\/div>\n\t\t\t\t\t<\/div>\n\t\t<\/div>\n\t\t\t\t<div class=\"elementor-column elementor-col-50 elementor-top-column elementor-element elementor-element-174e0fd\" data-id=\"174e0fd\" data-element_type=\"column\">\n\t\t\t<div class=\"elementor-widget-wrap elementor-element-populated\">\n\t\t\t\t\t\t\t\t<div class=\"elementor-element elementor-element-ba6cfea elementor-widget elementor-widget-image\" data-id=\"ba6cfea\" data-element_type=\"widget\" data-widget_type=\"image.default\">\n\t\t\t\t<div class=\"elementor-widget-container\">\n\t\t\t\t\t\t\t\t\t\t\t\t\t\t\t<img decoding=\"async\" loading=\"lazy\" width=\"746\" height=\"451\" src=\"https:\/\/www.plveventstravel.com\/wp-content\/uploads\/2023\/12\/about_1A.jpg\" class=\"attachment-large size-large wp-image-77697\" alt=\"\" srcset=\"https:\/\/www.plveventstravel.com\/wp-content\/uploads\/2023\/12\/about_1A.jpg 746w, https:\/\/www.plveventstravel.com\/wp-content\/uploads\/2023\/12\/about_1A-300x181.jpg 300w\" sizes=\"(max-width: 746px) 100vw, 746px\" \/>\t\t\t\t\t\t\t\t\t\t\t\t\t\t\t<\/div>\n\t\t\t\t<\/div>\n\t\t\t\t\t<\/div>\n\t\t<\/div>\n\t\t\t\t\t\t\t<\/div>\n\t\t<\/section>\n\t\t\t\t<section class=\"elementor-section elementor-top-section elementor-element elementor-element-c74f37b elementor-section-boxed elementor-section-height-default elementor-section-height-default wpr-particle-no wpr-jarallax-no wpr-parallax-no wpr-sticky-section-no\" data-id=\"c74f37b\" data-element_type=\"section\" data-settings=\"{&quot;background_background&quot;:&quot;classic&quot;}\">\n\t\t\t\t\t\t<div class=\"elementor-container elementor-column-gap-default\">\n\t\t\t\t\t<div class=\"elementor-column elementor-col-100 elementor-top-column elementor-element elementor-element-782ca94\" data-id=\"782ca94\" data-element_type=\"column\">\n\t\t\t<div class=\"elementor-widget-wrap elementor-element-populated\">\n\t\t\t\t\t\t\t\t<div class=\"elementor-element elementor-element-3a1db5c elementor-widget elementor-widget-image\" data-id=\"3a1db5c\" data-element_type=\"widget\" data-widget_type=\"image.default\">\n\t\t\t\t<div class=\"elementor-widget-container\">\n\t\t\t\t\t\t\t\t\t\t\t\t\t\t\t<img decoding=\"async\" loading=\"lazy\" width=\"1600\" height=\"664\" src=\"https:\/\/www.plveventstravel.com\/wp-content\/uploads\/2024\/01\/Equipa-PLV_grey.jpg\" class=\"attachment-full size-full wp-image-79361\" alt=\"\" srcset=\"https:\/\/www.plveventstravel.com\/wp-content\/uploads\/2024\/01\/Equipa-PLV_grey.jpg 1600w, https:\/\/www.plveventstravel.com\/wp-content\/uploads\/2024\/01\/Equipa-PLV_grey-300x125.jpg 300w, https:\/\/www.plveventstravel.com\/wp-content\/uploads\/2024\/01\/Equipa-PLV_grey-1024x425.jpg 1024w, https:\/\/www.plveventstravel.com\/wp-content\/uploads\/2024\/01\/Equipa-PLV_grey-768x319.jpg 768w, https:\/\/www.plveventstravel.com\/wp-content\/uploads\/2024\/01\/Equipa-PLV_grey-1536x637.jpg 1536w, https:\/\/www.plveventstravel.com\/wp-content\/uploads\/2024\/01\/Equipa-PLV_grey-1200x498.jpg 1200w\" sizes=\"(max-width: 1600px) 100vw, 1600px\" \/>\t\t\t\t\t\t\t\t\t\t\t\t\t\t\t<\/div>\n\t\t\t\t<\/div>\n\t\t\t\t<div class=\"elementor-element elementor-element-e1d559a elementor-widget elementor-widget-spacer\" data-id=\"e1d559a\" data-element_type=\"widget\" data-widget_type=\"spacer.default\">\n\t\t\t\t<div class=\"elementor-widget-container\">\n\t\t\t\t\t<div class=\"elementor-spacer\">\n\t\t\t<div class=\"elementor-spacer-inner\"><\/div>\n\t\t<\/div>\n\t\t\t\t<\/div>\n\t\t\t\t<\/div>\n\t\t\t\t\t<\/div>\n\t\t<\/div>\n\t\t\t\t\t\t\t<\/div>\n\t\t<\/section>\n\t\t\t\t<section class=\"elementor-section elementor-top-section elementor-element elementor-element-c4fa967 elementor-section-boxed elementor-section-height-default elementor-section-height-default wpr-particle-no wpr-jarallax-no wpr-parallax-no wpr-sticky-section-no\" data-id=\"c4fa967\" data-element_type=\"section\">\n\t\t\t\t\t\t<div class=\"elementor-container elementor-column-gap-default\">\n\t\t\t\t\t<div class=\"elementor-column elementor-col-100 elementor-top-column elementor-element elementor-element-fa67195\" data-id=\"fa67195\" data-element_type=\"column\">\n\t\t\t<div class=\"elementor-widget-wrap elementor-element-populated\">\n\t\t\t\t\t\t\t\t<div class=\"elementor-element elementor-element-3bd3314 elementor-widget elementor-widget-spacer\" data-id=\"3bd3314\" data-element_type=\"widget\" data-widget_type=\"spacer.default\">\n\t\t\t\t<div class=\"elementor-widget-container\">\n\t\t\t\t\t<div class=\"elementor-spacer\">\n\t\t\t<div class=\"elementor-spacer-inner\"><\/div>\n\t\t<\/div>\n\t\t\t\t<\/div>\n\t\t\t\t<\/div>\n\t\t\t\t\t<\/div>\n\t\t<\/div>\n\t\t\t\t\t\t\t<\/div>\n\t\t<\/section>\n\t\t\t\t<section class=\"elementor-section elementor-top-section elementor-element elementor-element-4e40202 elementor-section-boxed elementor-section-height-default elementor-section-height-default wpr-particle-no wpr-jarallax-no wpr-parallax-no wpr-sticky-section-no\" data-id=\"4e40202\" data-element_type=\"section\">\n\t\t\t\t\t\t<div class=\"elementor-container elementor-column-gap-default\">\n\t\t\t\t\t<div class=\"elementor-column elementor-col-33 elementor-top-column elementor-element elementor-element-68dfada\" data-id=\"68dfada\" data-element_type=\"column\">\n\t\t\t<div class=\"elementor-widget-wrap elementor-element-populated\">\n\t\t\t\t\t\t\t\t<div class=\"elementor-element elementor-element-003c8a8 elementor-cta--skin-classic elementor-animated-content elementor-bg-transform elementor-bg-transform-zoom-in elementor-widget elementor-widget-call-to-action\" data-id=\"003c8a8\" data-element_type=\"widget\" data-widget_type=\"call-to-action.default\">\n\t\t\t\t<div class=\"elementor-widget-container\">\n\t\t\t\t\t<div class=\"elementor-cta\">\r\n\t\t\t\t\t\t\t<div class=\"elementor-cta__content\">\r\n\t\t\t\t\r\n\t\t\t\t<h2 class=\"elementor-cta__title elementor-cta__content-item elementor-content-item\">MISI\u00d3N<\/h2>\r\n\t\t\t\t\t\t\t\t\t<div class=\"elementor-cta__description elementor-cta__content-item elementor-content-item\">\r\n\t\t\t\t\t\t<p>Innovar y ofrecer productos \u00fanicos con altos niveles de calidad y seguridad<br \/>\nPracticar precios que reflejen el valor justo de los viajes<br \/>\nAcompa\u00f1ando de cerca al cliente en cada etapa del viaje, manteniendo una relaci\u00f3n de confianza mutua y fomentando el \"boca a boca\".<br \/>\nApoyar al cliente al m\u00e1ximo en todas sus necesidades, proporcion\u00e1ndole el mejor viaje posible para \u00e9l y para el grupo.<br \/>\nSensibilizar a los clientes sobre la importancia del turismo sostenible y la protecci\u00f3n del planeta.<\/p>\n\t\t\t\t\t<\/div>\r\n\t\t\t\t\r\n\t\t\t\t\t\t\t<\/div>\r\n\t\t\t\t\t\t<\/div>\r\n\t\t\t\t<\/div>\n\t\t\t\t<\/div>\n\t\t\t\t\t<\/div>\n\t\t<\/div>\n\t\t\t\t<div class=\"elementor-column elementor-col-33 elementor-top-column elementor-element elementor-element-93f875b\" data-id=\"93f875b\" data-element_type=\"column\">\n\t\t\t<div class=\"elementor-widget-wrap elementor-element-populated\">\n\t\t\t\t\t\t\t\t<div class=\"elementor-element elementor-element-b15c2c2 elementor-cta--skin-classic elementor-animated-content elementor-bg-transform elementor-bg-transform-zoom-in elementor-widget elementor-widget-call-to-action\" data-id=\"b15c2c2\" data-element_type=\"widget\" data-widget_type=\"call-to-action.default\">\n\t\t\t\t<div class=\"elementor-widget-container\">\n\t\t\t\t\t<div class=\"elementor-cta\">\r\n\t\t\t\t\t\t\t<div class=\"elementor-cta__content\">\r\n\t\t\t\t\r\n\t\t\t\t<h2 class=\"elementor-cta__title elementor-cta__content-item elementor-content-item\">VISI\u00d3N<\/h2>\r\n\t\t\t\t\t\t\t\t\t<div class=\"elementor-cta__description elementor-cta__content-item elementor-content-item\">\r\n\t\t\t\t\t\t<p>Escuchar al cliente para servirle mejor<\/p>\n\t\t\t\t\t<\/div>\r\n\t\t\t\t\r\n\t\t\t\t\t\t\t<\/div>\r\n\t\t\t\t\t\t<\/div>\r\n\t\t\t\t<\/div>\n\t\t\t\t<\/div>\n\t\t\t\t\t<\/div>\n\t\t<\/div>\n\t\t\t\t<div class=\"elementor-column elementor-col-33 elementor-top-column elementor-element elementor-element-4affae0\" data-id=\"4affae0\" data-element_type=\"column\">\n\t\t\t<div class=\"elementor-widget-wrap elementor-element-populated\">\n\t\t\t\t\t\t\t\t<div class=\"elementor-element elementor-element-9341977 elementor-cta--skin-classic elementor-animated-content elementor-bg-transform elementor-bg-transform-zoom-in elementor-widget elementor-widget-call-to-action\" data-id=\"9341977\" data-element_type=\"widget\" data-widget_type=\"call-to-action.default\">\n\t\t\t\t<div class=\"elementor-widget-container\">\n\t\t\t\t\t<div class=\"elementor-cta\">\r\n\t\t\t\t\t\t\t<div class=\"elementor-cta__content\">\r\n\t\t\t\t\r\n\t\t\t\t<h2 class=\"elementor-cta__title elementor-cta__content-item elementor-content-item\">VALORES<\/h2>\r\n\t\t\t\t\t\t\t\t\t<div class=\"elementor-cta__description elementor-cta__content-item elementor-content-item\">\r\n\t\t\t\t\t\t<p>Innovaci\u00f3n<br \/>\nCalidad<br \/>\nSeguridad<br \/>\nTransparencia<br \/>\nAltruismo<br \/>\nDisponibilidad<br \/>\nProximidad<\/p>\n\t\t\t\t\t<\/div>\r\n\t\t\t\t\r\n\t\t\t\t\t\t\t<\/div>\r\n\t\t\t\t\t\t<\/div>\r\n\t\t\t\t<\/div>\n\t\t\t\t<\/div>\n\t\t\t\t\t<\/div>\n\t\t<\/div>\n\t\t\t\t\t\t\t<\/div>\n\t\t<\/section>\n\t\t\t\t<section class=\"elementor-section elementor-top-section elementor-element elementor-element-1afff1d elementor-section-boxed elementor-section-height-default elementor-section-height-default wpr-particle-no wpr-jarallax-no wpr-parallax-no wpr-sticky-section-no\" data-id=\"1afff1d\" data-element_type=\"section\">\n\t\t\t\t\t\t<div class=\"elementor-container elementor-column-gap-default\">\n\t\t\t\t\t<div class=\"elementor-column elementor-col-100 elementor-top-column elementor-element elementor-element-35bf44e\" data-id=\"35bf44e\" data-element_type=\"column\">\n\t\t\t<div class=\"elementor-widget-wrap elementor-element-populated\">\n\t\t\t\t\t\t\t\t<div class=\"elementor-element elementor-element-6a623c6 elementor-widget elementor-widget-spacer\" data-id=\"6a623c6\" data-element_type=\"widget\" data-widget_type=\"spacer.default\">\n\t\t\t\t<div class=\"elementor-widget-container\">\n\t\t\t\t\t<div class=\"elementor-spacer\">\n\t\t\t<div class=\"elementor-spacer-inner\"><\/div>\n\t\t<\/div>\n\t\t\t\t<\/div>\n\t\t\t\t<\/div>\n\t\t\t\t\t<\/div>\n\t\t<\/div>\n\t\t\t\t\t\t\t<\/div>\n\t\t<\/section>\n\t\t\t\t\t\t\t<\/div>\n\t\t","protected":false},"excerpt":{"rendered":"<p>QUI\u00c9NES SOMOS Pinto Lopes Viagens es un touroperador, agencia de viajes y DMC (Destination Management Company) ib\u00e9rico con 50 a\u00f1os de experiencia, especializado en viajes en grupo, con un profundo conocimiento y una amplia experiencia de Portugal y Espa\u00f1a como destino. Pinto Lopes Viagens tiene su sede en Oporto, en la Rua Pinto Bessa, y desde 2012 en Lisboa, en la Rua Viriato. Cada a\u00f1o viajan a trav\u00e9s de esta agencia unas 24.000 personas, en m\u00e1s de 800 viajes organizados por los m\u00e1s variados pa\u00edses. Actualmente cuenta con un equipo de unos 60 empleados y un grupo de gu\u00edas experimentados y conocedores que abrazan el esp\u00edritu Pinto Lopes. MISI\u00d3N Innovar y ofrecer productos \u00fanicos con altos niveles de calidad y seguridad Practicar precios que reflejen el valor justo de los viajes Acompa\u00f1ando de cerca al cliente en cada etapa del viaje, manteniendo una relaci\u00f3n de confianza mutua y fomentando el &#8220;boca a boca&#8221;. Apoyar al cliente al m\u00e1ximo en todas sus necesidades, proporcion\u00e1ndole el mejor viaje posible para \u00e9l y para el grupo. Sensibilizar a los clientes sobre la importancia del turismo sostenible y la protecci\u00f3n del planeta. VISI\u00d3N Escuchar al cliente para servirle mejor VALORES Innovaci\u00f3n Calidad Seguridad Transparencia Altruismo Disponibilidad Proximidad<\/p>\n","protected":false},"author":1,"featured_media":0,"parent":0,"menu_order":25,"comment_status":"closed","ping_status":"closed","template":"elementor_header_footer","meta":{"footnotes":""},"_links":{"self":[{"href":"https:\/\/www.plveventstravel.com\/es\/wp-json\/wp\/v2\/pages\/80849"}],"collection":[{"href":"https:\/\/www.plveventstravel.com\/es\/wp-json\/wp\/v2\/pages"}],"about":[{"href":"https:\/\/www.plveventstravel.com\/es\/wp-json\/wp\/v2\/types\/page"}],"author":[{"embeddable":true,"href":"https:\/\/www.plveventstravel.com\/es\/wp-json\/wp\/v2\/users\/1"}],"replies":[{"embeddable":true,"href":"https:\/\/www.plveventstravel.com\/es\/wp-json\/wp\/v2\/comments?post=80849"}],"version-history":[{"count":1,"href":"https:\/\/www.plveventstravel.com\/es\/wp-json\/wp\/v2\/pages\/80849\/revisions"}],"predecessor-version":[{"id":80850,"href":"https:\/\/www.plveventstravel.com\/es\/wp-json\/wp\/v2\/pages\/80849\/revisions\/80850"}],"wp:attachment":[{"href":"https:\/\/www.plveventstravel.com\/es\/wp-json\/wp\/v2\/media?parent=80849"}],"curies":[{"name":"wp","href":"https:\/\/api.w.org\/{rel}","templated":true}]}}